{"id":80,"date":"2024-07-13T18:16:35","date_gmt":"2024-07-13T15:16:35","guid":{"rendered":"https:\/\/l365.eu\/?page_id=80"},"modified":"2024-07-13T20:45:27","modified_gmt":"2024-07-13T17:45:27","slug":"musu-tikslai","status":"publish","type":"page","link":"https:\/\/l365.eu\/?page_id=80","title":{"rendered":"M\u016bs\u0173 tikslai"},"content":{"rendered":"\n<p class=\"wp-block-paragraph\">Mes norime, kad m\u016bs\u0173 klausytojai b\u016bt\u0173 patenkinti ir laimingi, tod\u0117l stengiam\u0117s ir:<\/p>\n\n\n\n<ul class=\"wp-block-list\">\n<li>pildome klausytoj\u0173 pageidavimus;<\/li>\n\n\n\n<li>organizuojame \u017eaidimus;<\/li>\n\n\n\n<li>sveikiname gimtadienio proga ir\/arba perduodame link\u0117jimus;<\/li>\n\n\n\n<li>transliuojame koncertus.<\/li>\n<\/ul>\n\n\n\n<p class=\"wp-block-paragraph\">Mes siekiame, kad m\u016bs\u0173 gal\u0117t\u0173 klausytis visi, tod\u0117l m\u016bs\u0173 \u0161\u016bkis \u2013 \u201eRadijas visiems\u201c.<\/p>\n","protected":false},"excerpt":{"rendered":"<p>Mes norime, kad m\u016bs\u0173 klausytojai b\u016bt\u0173 patenkinti ir laimingi, tod\u0117l stengiam\u0117s ir: Mes siekiame, kad m\u016bs\u0173 gal\u0117t\u0173 klausytis visi, tod\u0117l m\u016bs\u0173 \u0161\u016bkis \u2013 \u201eRadijas visiems\u201c.<\/p>\n","protected":false},"author":1,"featured_media":0,"parent":0,"menu_order":0,"comment_status":"closed","ping_status":"closed","template":"","meta":{"_crdt_document":"","om_disable_all_campaigns":false,"_monsterinsights_skip_tracking":false,"_monsterinsights_sitenote_active":false,"_monsterinsights_sitenote_note":"","_monsterinsights_sitenote_category":0,"footnotes":""},"class_list":["post-80","page","type-page","status-publish","hentry","entry"],"aioseo_notices":[],"builder_content":"","_links":{"self":[{"href":"https:\/\/l365.eu\/index.php?rest_route=\/wp\/v2\/pages\/80","targetHints":{"allow":["GET"]}}],"collection":[{"href":"https:\/\/l365.eu\/index.php?rest_route=\/wp\/v2\/pages"}],"about":[{"href":"https:\/\/l365.eu\/index.php?rest_route=\/wp\/v2\/types\/page"}],"author":[{"embeddable":true,"href":"https:\/\/l365.eu\/index.php?rest_route=\/wp\/v2\/users\/1"}],"replies":[{"embeddable":true,"href":"https:\/\/l365.eu\/index.php?rest_route=%2Fwp%2Fv2%2Fcomments&post=80"}],"version-history":[{"count":4,"href":"https:\/\/l365.eu\/index.php?rest_route=\/wp\/v2\/pages\/80\/revisions"}],"predecessor-version":[{"id":123,"href":"https:\/\/l365.eu\/index.php?rest_route=\/wp\/v2\/pages\/80\/revisions\/123"}],"wp:attachment":[{"href":"https:\/\/l365.eu\/index.php?rest_route=%2Fwp%2Fv2%2Fmedia&parent=80"}],"curies":[{"name":"wp","href":"https:\/\/api.w.org\/{rel}","templated":true}]}}