{"id":136,"date":"2024-07-15T21:04:09","date_gmt":"2024-07-15T18:04:09","guid":{"rendered":"https:\/\/l365.eu\/?page_id=136"},"modified":"2024-07-29T20:38:36","modified_gmt":"2024-07-29T17:38:36","slug":"hard2dance","status":"publish","type":"page","link":"https:\/\/l365.eu\/?page_id=136","title":{"rendered":"\u201eLight 365 Hard2Dance\u201c"},"content":{"rendered":"\n<h2 class=\"wp-block-heading\">Pirmasis, i\u0161skirtinis, nepriklausomas radijas Lietuvoje unikaliu muzikos stiliumi!<\/h2>\n\n\n\n<p class=\"wp-block-paragraph\">Klausytis radijo (JAU GREITAI)<\/p>\n\n\n\n\n\n<p class=\"wp-block-paragraph\">Dain\u0173 istorija (JAU GREITAI)<\/p>\n\n\n\n\n\n<h2 class=\"wp-block-heading\">Apie radijo stot\u012f<\/h2>\n\n\n\n<p class=\"wp-block-paragraph\">2019 m. baland\u017eio 16 d.,<\/p>\n\n\n\n<h2 class=\"wp-block-heading\">Pirmtakas &#8211; \u201eHardStyle Radio LTU\u201c<\/h2>\n\n\n\n<p class=\"wp-block-paragraph\">\u0160i nepriklausomos, unikalios ir vienintel\u0117s Lietuvoje radijo stoties pirmtak\u0117 buvo \u201eHardStyle Radio LTU\u201c. Ji buvo \u012fkurta 2019 m. ir gyvavo iki 2024 m. Liepos 13 d.<\/p>\n\n\n\n<h2 class=\"wp-block-heading\">Naujasis atverstas \u201eHardStyle Radio LTU\u201c  istorijos puslapis<\/h2>\n\n\n\n<p class=\"wp-block-paragraph\">2024 m. Liepos 14 dien\u0105 i\u0161 vieni\u0161os \u201eHardStyle Radio LTU\u201c prijungimo b\u016bdu buvo \u012fkurta \u201eLight 365 Hard2Dance. Tai yra unikali radijo stoties data, nes \u0161i\u0105 dien\u0105 mes prad\u0117jome groti ne tik hardstyle, bet ir hardcore. Ir tai dar ne viskas! J\u016bs turite galimyb\u0119 pageidauti savo m\u0117gstamos muzikos!<\/p>\n\n\n\n<h2 class=\"wp-block-heading\">M\u016bs\u0173 pagrindinis \u017eodis &#8211;<\/h2>\n\n\n\n<p class=\"wp-block-paragraph\">Jei Jums ne\u012ftinka kitos radijo stotys ir J\u016bs ie\u0161kote ko nors unikalaus, greito, priversen\u010dio \u0161okti &#8211; tai \u0161is radijas Jums!<\/p>\n\n\n\n<p class=\"wp-block-paragraph\">Beje, netrukus bus paleista svetain\u0117 apie \u0161io stiliaus naujienas, tad laukite naujien\u0173, apie kurias prane\u0161ime \u010dia!<\/p>\n\n\n\n<h2 class=\"wp-block-heading\">Gero klausymo!<\/h2>\n","protected":false},"excerpt":{"rendered":"<p>Pirmasis, i\u0161skirtinis, nepriklausomas radijas Lietuvoje unikaliu muzikos stiliumi! Klausytis radijo (JAU GREITAI) Dain\u0173 istorija (JAU GREITAI) Apie radijo stot\u012f 2019 m. baland\u017eio 16 d., Pirmtakas &#8211; \u201eHardStyle Radio LTU\u201c \u0160i nepriklausomos, unikalios ir vienintel\u0117s Lietuvoje radijo stoties pirmtak\u0117 buvo \u201eHardStyle Radio LTU\u201c. Ji buvo \u012fkurta 2019 m. ir gyvavo iki 2024 m. Liepos 13 d. [&hellip;]<\/p>\n","protected":false},"author":1,"featured_media":0,"parent":0,"menu_order":0,"comment_status":"closed","ping_status":"closed","template":"","meta":{"_crdt_document":"","om_disable_all_campaigns":false,"_monsterinsights_skip_tracking":false,"_monsterinsights_sitenote_active":false,"_monsterinsights_sitenote_note":"","_monsterinsights_sitenote_category":0,"footnotes":""},"class_list":["post-136","page","type-page","status-publish","hentry","entry"],"aioseo_notices":[],"builder_content":"","_links":{"self":[{"href":"https:\/\/l365.eu\/index.php?rest_route=\/wp\/v2\/pages\/136","targetHints":{"allow":["GET"]}}],"collection":[{"href":"https:\/\/l365.eu\/index.php?rest_route=\/wp\/v2\/pages"}],"about":[{"href":"https:\/\/l365.eu\/index.php?rest_route=\/wp\/v2\/types\/page"}],"author":[{"embeddable":true,"href":"https:\/\/l365.eu\/index.php?rest_route=\/wp\/v2\/users\/1"}],"replies":[{"embeddable":true,"href":"https:\/\/l365.eu\/index.php?rest_route=%2Fwp%2Fv2%2Fcomments&post=136"}],"version-history":[{"count":4,"href":"https:\/\/l365.eu\/index.php?rest_route=\/wp\/v2\/pages\/136\/revisions"}],"predecessor-version":[{"id":170,"href":"https:\/\/l365.eu\/index.php?rest_route=\/wp\/v2\/pages\/136\/revisions\/170"}],"wp:attachment":[{"href":"https:\/\/l365.eu\/index.php?rest_route=%2Fwp%2Fv2%2Fmedia&parent=136"}],"curies":[{"name":"wp","href":"https:\/\/api.w.org\/{rel}","templated":true}]}}