{"id":116,"date":"2024-07-13T20:27:10","date_gmt":"2024-07-13T17:27:10","guid":{"rendered":"https:\/\/l365.eu\/?page_id=116"},"modified":"2024-07-13T22:59:06","modified_gmt":"2024-07-13T19:59:06","slug":"kontaktai","status":"publish","type":"page","link":"https:\/\/l365.eu\/?page_id=116","title":{"rendered":"KONTAKTAI"},"content":{"rendered":"\n<h2 class=\"wp-block-heading\">Su mumis susisiekite:<\/h2>\n\n\n\n<h2 class=\"wp-block-heading\">Telefonas:<\/h2>\n\n\n\n<p class=\"wp-block-paragraph\"><a href=\"tel:052791579\">Susisiekime telefonu.<\/a><\/p>\n\n\n\n<h2 class=\"wp-block-heading\">Darbo laikas:<\/h2>\n\n\n\n<p class=\"wp-block-paragraph\">I \u2013 IV: 09:00 \u2013 17:45;<br>V: 09:00 \u2013 17:00.<\/p>\n\n\n\n<h2 class=\"wp-block-heading\">bendroji informacija:<\/h2>\n\n\n\n<p class=\"wp-block-paragraph\"><a href=\"mailto:info@l365.eu\">info@l365.eu;<\/a><\/p>\n\n\n\n<h2 class=\"wp-block-heading\">Muzikos redakcija:<\/h2>\n\n\n\n<p class=\"wp-block-paragraph\"><a href=\"mailto:muzika@l365.eu\">muzika@l365.eu;<\/a><\/p>\n\n\n\n<h2 class=\"wp-block-heading\">Studija:<\/h2>\n\n\n\n<p class=\"wp-block-paragraph\"><a href=\"mailto:eteris@l365.eu\">eteris@l365.eu;<\/a><\/p>\n\n\n\n<p class=\"wp-block-paragraph\">IR TELEFONU<\/p>\n\n\n\n<p class=\"wp-block-paragraph\"><a href=\"tel:052791579\">\u010cia<\/a><\/p>\n\n\n\n<h2 class=\"wp-block-heading\">Norite susisiekti ra\u0161tu? Kreipkit\u0117s \u012f mus kontakt\u0173 formos pagalba:<\/h2>\n\n\n<style id=\"wpforms-css-vars-125\">\n\t\t\t\t#wpforms-125 {\n\t\t\t\t\n\t\t\t}\n\t\t\t<\/style><div class=\"wpforms-container wpforms-container-full wpforms-render-modern\" id=\"wpforms-125\"><form id=\"wpforms-form-125\" class=\"wpforms-validate wpforms-form wpforms-ajax-form\" data-formid=\"125\" method=\"post\" enctype=\"multipart\/form-data\" action=\"\/index.php?rest_route=%2Fwp%2Fv2%2Fpages%2F116\" data-token=\"cf81ee9534174d783b6705e0b112ea27\" data-token-time=\"1776600164\"><noscript class=\"wpforms-error-noscript\">Please enable JavaScript in your browser to complete this form.<\/noscript><div id=\"wpforms-error-noscript\" style=\"display: none;\">Please enable JavaScript in your browser to complete this form.<\/div><div class=\"wpforms-field-container\"><div id=\"wpforms-125-field_1-container\" class=\"wpforms-field wpforms-field-name\" data-field-id=\"1\"><label class=\"wpforms-field-label\" for=\"wpforms-125-field_1\">Vardas ir pavard\u0117 <span class=\"wpforms-required-label\" aria-hidden=\"true\">*<\/span><\/label><input type=\"text\" id=\"wpforms-125-field_1\" class=\"wpforms-field-medium wpforms-field-required\" name=\"wpforms[fields][1]\" aria-errormessage=\"wpforms-125-field_1-error\" aria-describedby=\"wpforms-125-field_1-description\" required><div id=\"wpforms-125-field_1-description\" class=\"wpforms-field-description\">J\u016bs\u0173 vardas ir pavard\u0117<\/div><\/div><div id=\"wpforms-125-field_2-container\" class=\"wpforms-field wpforms-field-email\" data-field-id=\"2\"><label class=\"wpforms-field-label\" for=\"wpforms-125-field_2\">E-pa\u0161tas <span class=\"wpforms-required-label\" aria-hidden=\"true\">*<\/span><\/label><input type=\"email\" id=\"wpforms-125-field_2\" class=\"wpforms-field-medium wpforms-field-required\" name=\"wpforms[fields][2]\" spellcheck=\"false\" aria-errormessage=\"wpforms-125-field_2-error\" aria-describedby=\"wpforms-125-field_2-description\" required><div id=\"wpforms-125-field_2-description\" class=\"wpforms-field-description\">J\u016bs\u0173 validus ir nuolatinis Elektroninis Pa\u0161tas<\/div><\/div><div id=\"wpforms-125-field_3-container\" class=\"wpforms-field wpforms-field-select wpforms-field-select-style-classic\" data-field-id=\"3\"><label class=\"wpforms-field-label\" for=\"wpforms-125-field_3\">Pasirinkite tem\u0105 <span class=\"wpforms-required-label\" aria-hidden=\"true\">*<\/span><\/label><select id=\"wpforms-125-field_3\" class=\"wpforms-field-medium wpforms-field-required\" name=\"wpforms[fields][3]\" required=\"required\"><option value=\"Radij\u0173 transliacijos\"  class=\"choice-1 depth-1\"  >Radij\u0173 transliacijos<\/option><option value=\"Serverio \/ svetain\u0117s problemos\"  selected='selected' class=\"choice-2 depth-1\"  >Serverio \/ svetain\u0117s problemos<\/option><option value=\"Pasi\u0173lymai radijams\"  class=\"choice-3 depth-1\"  >Pasi\u0173lymai radijams<\/option><\/select><div id=\"wpforms-125-field_3-description\" class=\"wpforms-field-description\">Pasirinkite norim\u0105 tem\u0105<\/div><\/div><div id=\"wpforms-125-field_4-container\" class=\"wpforms-field wpforms-field-textarea\" data-field-id=\"4\"><label class=\"wpforms-field-label\" for=\"wpforms-125-field_4\">J\u016bs\u0173 \u017einut\u0117s tekstas <span class=\"wpforms-required-label\" aria-hidden=\"true\">*<\/span><\/label><textarea id=\"wpforms-125-field_4\" class=\"wpforms-field-medium wpforms-field-required\" name=\"wpforms[fields][4]\" aria-errormessage=\"wpforms-125-field_4-error\" aria-describedby=\"wpforms-125-field_4-description\" required><\/textarea><div id=\"wpforms-125-field_4-description\" class=\"wpforms-field-description\">\u012eveskite savo \u017einut\u0119 ir spauskite \u017eemiau esant\u012f mygtuk\u0105<\/div><\/div><\/div><!-- .wpforms-field-container --><div class=\"wpforms-submit-container\" ><input type=\"hidden\" name=\"wpforms[id]\" value=\"125\"><input type=\"hidden\" name=\"page_title\" value=\"\"><input type=\"hidden\" name=\"page_url\" value=\"https:\/\/l365.eu\/index.php?rest_route=\/wp\/v2\/pages\/116\"><input type=\"hidden\" name=\"url_referer\" value=\"\"><button type=\"submit\" name=\"wpforms[submit]\" id=\"wpforms-submit-125\" class=\"wpforms-submit\" data-alt-text=\"Siun\u010diama...\" data-submit-text=\"Si\u0173sti\" aria-live=\"assertive\" value=\"wpforms-submit\">Si\u0173sti<\/button><img decoding=\"async\" src=\"https:\/\/l365.eu\/wp-content\/plugins\/wpforms-lite\/assets\/images\/submit-spin.svg\" class=\"wpforms-submit-spinner\" style=\"display: none;\" width=\"26\" height=\"26\" alt=\"Loading\"><\/div><\/form><\/div>  <!-- .wpforms-container -->\n","protected":false},"excerpt":{"rendered":"<p>Su mumis susisiekite: Telefonas: Susisiekime telefonu. Darbo laikas: I \u2013 IV: 09:00 \u2013 17:45;V: 09:00 \u2013 17:00. bendroji informacija: info@l365.eu; Muzikos redakcija: muzika@l365.eu; Studija: eteris@l365.eu; IR TELEFONU \u010cia Norite susisiekti ra\u0161tu? Kreipkit\u0117s \u012f mus kontakt\u0173 formos pagalba:<\/p>\n","protected":false},"author":1,"featured_media":0,"parent":0,"menu_order":0,"comment_status":"closed","ping_status":"closed","template":"","meta":{"_crdt_document":"","om_disable_all_campaigns":false,"_monsterinsights_skip_tracking":false,"_monsterinsights_sitenote_active":false,"_monsterinsights_sitenote_note":"","_monsterinsights_sitenote_category":0,"footnotes":""},"class_list":["post-116","page","type-page","status-publish","hentry","entry"],"aioseo_notices":[],"builder_content":"","_links":{"self":[{"href":"https:\/\/l365.eu\/index.php?rest_route=\/wp\/v2\/pages\/116","targetHints":{"allow":["GET"]}}],"collection":[{"href":"https:\/\/l365.eu\/index.php?rest_route=\/wp\/v2\/pages"}],"about":[{"href":"https:\/\/l365.eu\/index.php?rest_route=\/wp\/v2\/types\/page"}],"author":[{"embeddable":true,"href":"https:\/\/l365.eu\/index.php?rest_route=\/wp\/v2\/users\/1"}],"replies":[{"embeddable":true,"href":"https:\/\/l365.eu\/index.php?rest_route=%2Fwp%2Fv2%2Fcomments&post=116"}],"version-history":[{"count":3,"href":"https:\/\/l365.eu\/index.php?rest_route=\/wp\/v2\/pages\/116\/revisions"}],"predecessor-version":[{"id":128,"href":"https:\/\/l365.eu\/index.php?rest_route=\/wp\/v2\/pages\/116\/revisions\/128"}],"wp:attachment":[{"href":"https:\/\/l365.eu\/index.php?rest_route=%2Fwp%2Fv2%2Fmedia&parent=116"}],"curies":[{"name":"wp","href":"https:\/\/api.w.org\/{rel}","templated":true}]}}